{"id":1838,"date":"2018-01-25T12:55:50","date_gmt":"2018-01-25T12:55:50","guid":{"rendered":"http:\/\/legrand.themerex.net\/?page_id=1838"},"modified":"2024-04-29T16:57:57","modified_gmt":"2024-04-29T19:57:57","slug":"blog","status":"publish","type":"page","link":"https:\/\/ippv.com.br\/coach\/blog\/","title":{"rendered":"Blog"},"content":{"rendered":"<p>[vc_row full_width=&#8221;stretch_row&#8221; parallax=&#8221;content-moving&#8221; parallax_image=&#8221;6159&#8243; hide_bg_image_on_tablet=&#8221;&#8221; hide_bg_image_on_mobile=&#8221;&#8221; css=&#8221;.vc_custom_1687104596365{padding-top: 128px !important;background-color: #d1d1d1 !important;background-size: cover !important;}&#8221;][vc_column][vc_custom_heading text=&#8221;BLOG IPPV&#8221; font_container=&#8221;tag:h1|font_size:72|text_align:center|color:%23ffffff&#8221; google_fonts=&#8221;font_family:Asap%3Aregular%2Citalic%2C700%2C700italic|font_style:400%20regular%3A400%3Anormal&#8221; css_animation=&#8221;flipInX&#8221; css=&#8221;.vc_custom_1687221681443{margin-top: 0px !important;margin-bottom: 0px !important;padding-top: 0px !important;padding-bottom: 0px !important;}&#8221;][vc_custom_heading text=&#8221;Artigos e princ\u00edpios sobre lideran\u00e7a&#8221; font_container=&#8221;tag:h4|text_align:center|color:%23ffffff&#8221; google_fonts=&#8221;font_family:Asap%3Aregular%2Citalic%2C700%2C700italic|font_style:400%20regular%3A400%3Anormal&#8221; css_animation=&#8221;fadeInLeft&#8221; css=&#8221;.vc_custom_1687221696190{margin-top: 0px !important;margin-bottom: 16px !important;padding-top: 16px !important;padding-bottom: 32px !important;}&#8221;][vc_separator color=&#8221;custom&#8221; css=&#8221;.vc_custom_1579283078878{margin-top: 0px !important;margin-bottom: 0px !important;padding-top: 0px !important;padding-bottom: 0px !important;}&#8221; accent_color=&#8221;#a0a0a0&#8243;]<div class=\"sc_layouts sc_layouts_default sc_layouts_2649\">[vc_row][vc_column icons_position=\"left\"]<nav class=\"sc_layouts_menu sc_layouts_menu_default menu_hover_fade\" id=\"sc_layouts_menu_1390966514\"\t\t><ul id=\"sc_layouts_menu_1069735022\" class=\"sc_layouts_menu_nav\"><li id=\"menu-item-2658\" class=\"menu-item menu-item-type-post_type menu-item-object-page menu-item-2658\"><a href=\"https:\/\/ippv.com.br\/coach\/blog\/\"><span>Blog<\/span><\/a><\/li><li id=\"menu-item-2647\" class=\"menu-item menu-item-type-post_type menu-item-object-page current_page_parent menu-item-2647\"><a href=\"https:\/\/ippv.com.br\/coach\/todos-os-artigos\/\"><span>Todos os Artigos<\/span><\/a><\/li><\/ul><\/nav><!-- \/.sc_layouts_menu -->[\/vc_column][\/vc_row]<\/div>[\/vc_column][\/vc_row][vc_row full_width=&#8221;stretch_row&#8221; css_animation=&#8221;fadeIn&#8221; hide_bg_image_on_tablet=&#8221;&#8221; hide_bg_image_on_mobile=&#8221;&#8221; css=&#8221;.vc_custom_1687219845041{padding-top: 32px !important;padding-bottom: 32px !important;background-color: #ffffff !important;}&#8221;][vc_column width=&#8221;2\/3&#8243;][vc_custom_heading text=&#8221;ARTIGOS RECENTES&#8221; font_container=&#8221;tag:h2|text_align:left|color:%230a0a0a&#8221; google_fonts=&#8221;font_family:Oswald%3A300%2Cregular%2C700|font_style:400%20regular%3A400%3Anormal&#8221; css_animation=&#8221;slideInLeft&#8221; css=&#8221;.vc_custom_1687219812517{margin-top: 0px !important;padding-top: 16px !important;}&#8221;][vc_posts_slider count=&#8221;5&#8243; interval=&#8221;5&#8243; slides_content=&#8221;teaser&#8221; slides_title=&#8221;1&#8243; thumb_size=&#8221;full&#8221; orderby=&#8221;date&#8221; posttypes=&#8221;post&#8221;][\/vc_column][vc_column css_animation=&#8221;fadeInRight&#8221; width=&#8221;1\/3&#8243; fix_column=&#8221;&#8221; hide_bg_image_on_tablet=&#8221;&#8221; hide_bg_image_on_mobile=&#8221;&#8221; css=&#8221;.vc_custom_1687219866381{padding-top: 32px !important;padding-bottom: 32px !important;background-color: #e5e5e5 !important;border-radius: 10px !important;}&#8221;][vc_empty_space hide_on_desktop=&#8221;&#8221; hide_on_notebook=&#8221;&#8221; hide_on_tablet=&#8221;&#8221; hide_on_mobile=&#8221;&#8221;][vc_empty_space hide_on_desktop=&#8221;&#8221; hide_on_notebook=&#8221;&#8221; hide_on_tablet=&#8221;&#8221; hide_on_mobile=&#8221;&#8221;][vc_wp_search][vc_custom_heading text=&#8221;Conhe\u00e7a a especializa\u00e7\u00e3o em lideran\u00e7a: Voc\u00ea Liderando&#8221; font_container=&#8221;tag:h4|text_align:left|color:%230a0a0a&#8221; google_fonts=&#8221;font_family:Oswald%3A300%2Cregular%2C700|font_style:400%20regular%3A400%3Anormal&#8221; css=&#8221;.vc_custom_1687103756709{margin-top: 0px !important;margin-bottom: 0px !important;padding-top: 16px !important;padding-bottom: 16px !important;}&#8221;][vc_wp_text]<\/p>\n<p style=\"text-align: left;\"><span style=\"color: black;\">J\u00e1 imaginou desenvolver sua lideran\u00e7a por completo: <strong>intelig\u00eancia emocional<\/strong>, <strong>intelig\u00eancia nos neg\u00f3cios<\/strong> e nos <strong>relacionamentos<\/strong>? Comece a <strong>quebrar os velhos padr\u00f5es<\/strong> e experimente o <strong>novo<\/strong>, o <strong>extraordin\u00e1rio<\/strong>, transborde de <strong>princ\u00edpios inegoci\u00e1veis<\/strong> e viva em sua vida e carreira a <strong>abund\u00e2ncia<\/strong>: fa\u00e7a nossa forma\u00e7\u00e3o de l\u00edderes: <strong>Voc\u00ea Liderando<\/strong>! <strong>Clique no bot\u00e3o abaixo<\/strong> e prepare-se para viver em <strong>outro n\u00edvel<\/strong>:<\/span><\/p>\n<p>[\/vc_wp_text][vc_empty_space hide_on_desktop=&#8221;&#8221; hide_on_notebook=&#8221;&#8221; hide_on_tablet=&#8221;&#8221; hide_on_mobile=&#8221;&#8221;][vc_btn title=&#8221;Conhe\u00e7a o Voc\u00ea Liderando&#8221; color=&#8221;green&#8221; align=&#8221;center&#8221; link=&#8221;url:http%3A%2F%2Fwww.voceliderando.com.br|||&#8221;][\/vc_column][\/vc_row][vc_row full_width=&#8221;stretch_row&#8221; css_animation=&#8221;fadeIn&#8221; css=&#8221;.vc_custom_1687219934369{padding-top: 32px !important;padding-bottom: 32px !important;background-color: #e5e5e5 !important;}&#8221;][vc_column][vc_custom_heading text=&#8221;VEJA MAIS ARTIGOS&#8221; font_container=&#8221;tag:h1|text_align:center|color:%230a0a0a&#8221; google_fonts=&#8221;font_family:Oswald%3A300%2Cregular%2C700|font_style:400%20regular%3A400%3Anormal&#8221; css_animation=&#8221;fadeInDown&#8221; css=&#8221;.vc_custom_1687219911224{margin-top: 0px !important;margin-bottom: 0px !important;padding-top: 16px !important;padding-bottom: 16px !important;}&#8221;][vc_masonry_grid post_type=&#8221;post&#8221; max_items=&#8221;30&#8243; style=&#8221;load-more&#8221; items_per_page=&#8221;6&#8243; item=&#8221;2446&#8243; btn_title=&#8221;Carregar mais&#8221; btn_style=&#8221;classic&#8221; btn_shape=&#8221;square&#8221; btn_color=&#8221;primary&#8221; grid_id=&#8221;vc_gid:1714420509782-f33e665e512c068ef361bc2a3b11dc4b-1&#8243; css=&#8221;.vc_custom_1687221267750{background-color: #e5e5e5 !important;}&#8221;][\/vc_column][\/vc_row][vc_row full_width=&#8221;stretch_row&#8221; css=&#8221;.vc_custom_1686874225350{padding-top: 32px !important;padding-bottom: 32px !important;background-color: #ffffff !important;}&#8221;][vc_column][vc_custom_heading text=&#8221;MAIS POPULARES&#8221; font_container=&#8221;tag:h1|text_align:center|color:%230a0a0a&#8221; google_fonts=&#8221;font_family:Oswald%3A300%2Cregular%2C700|font_style:400%20regular%3A400%3Anormal&#8221; css_animation=&#8221;flipInX&#8221; css=&#8221;.vc_custom_1687219979574{margin-top: 0px !important;margin-bottom: 0px !important;padding-top: 16px !important;padding-bottom: 16px !important;}&#8221;][vc_masonry_grid post_type=&#8221;ids&#8221; gap=&#8221;20&#8243; item=&#8221;2446&#8243; grid_id=&#8221;vc_gid:1714420509860-84f0217ef06a410faa0dcdc9dd01b829-6&#8243; include=&#8221;2956, 2987, 3109&#8243;][\/vc_column][\/vc_row][vc_row full_width=&#8221;stretch_row&#8221; css_animation=&#8221;fadeIn&#8221; hide_bg_image_on_tablet=&#8221;&#8221; hide_bg_image_on_mobile=&#8221;&#8221; css=&#8221;.vc_custom_1687220056061{padding-top: 32px !important;padding-bottom: 32px !important;background-color: #e5e5e5 !important;}&#8221;][vc_column][vc_custom_heading text=&#8221;CONHE\u00c7A NOSSOS TRAINERS&#8221; font_container=&#8221;tag:h1|text_align:center|color:%230a0a0a&#8221; google_fonts=&#8221;font_family:Oswald%3A300%2Cregular%2C700|font_style:400%20regular%3A400%3Anormal&#8221; css_animation=&#8221;flipInY&#8221; css=&#8221;.vc_custom_1687220022595{margin-top: 0px !important;padding-top: 16px !important;}&#8221;]<div class=\"sc_team color_style_default sc_team_default\"><div class=\"sc_team_columns_wrap sc_item_columns trx_addons_columns_wrap columns_padding_bottom\"><div class=\"trx_addons_column-1_3\">    <div class=\"sc_team_item\">\n        <div class=\"post_featured sc_team_item_thumb trx_addons_hover trx_addons_hover_style_info\">\n\t\t\t\t\t\t\t\t\t\t<a href=\"https:\/\/ippv.com.br\/coach\/team\/cleber-felisbino-barbosa\/\" aria-hidden=\"true\"><img loading=\"lazy\" decoding=\"async\" width=\"750\" height=\"820\" src=\"https:\/\/ippv.com.br\/coach\/wp-content\/uploads\/2017\/11\/trCleber-750x820.jpg\" class=\"attachment-legrand-thumb-portrait size-legrand-thumb-portrait wp-post-image\" alt=\"\" \/><\/a>\n\t\t\t\t\t<div class=\"trx_addons_hover_content\"><div class=\"sc_team_item_socials socials_wrap trx_addons_hover_info\"><a target=\"_blank\" href=\"https:\/\/www.facebook.com\/cleber.felisbinobarbosa\" class=\"social_item social_item_style_icons social_item_type_icons\"><span class=\"social_icon social_icon_facebook\"><span class=\"icon-facebook\"><\/span><\/span><\/a><\/div><\/div><div class=\"trx_addons_hover_mask\"><\/div><\/div>        <div class=\"sc_team_item_info\">\n            <div class=\"sc_team_item_header\">\n                <h4 class=\"sc_team_item_title\"><a href=\"https:\/\/ippv.com.br\/coach\/team\/cleber-felisbino-barbosa\/\">Cl\u00e9ber Felisbino Barbosa<\/a><\/h4>\n                <div class=\"sc_team_item_subtitle\"><\/div>\n            <\/div>\n        <\/div>\n    <\/div>\n<\/div><div class=\"trx_addons_column-1_3\">    <div class=\"sc_team_item\">\n        <div class=\"post_featured sc_team_item_thumb trx_addons_hover trx_addons_hover_style_info\">\n\t\t\t\t\t\t\t\t\t\t<a href=\"https:\/\/ippv.com.br\/coach\/team\/edilson-soares-ribeiro\/\" aria-hidden=\"true\"><img loading=\"lazy\" decoding=\"async\" width=\"750\" height=\"820\" src=\"https:\/\/ippv.com.br\/coach\/wp-content\/uploads\/2017\/11\/TrEdilson-750x820.jpg\" class=\"attachment-legrand-thumb-portrait size-legrand-thumb-portrait wp-post-image\" alt=\"\" \/><\/a>\n\t\t\t\t\t<div class=\"trx_addons_hover_content\"><div class=\"sc_team_item_socials socials_wrap trx_addons_hover_info\"><a target=\"_blank\" href=\"https:\/\/www.facebook.com\/Edilson.Soares.Ribeiro\" class=\"social_item social_item_style_icons social_item_type_icons\"><span class=\"social_icon social_icon_facebook\"><span class=\"icon-facebook\"><\/span><\/span><\/a><a target=\"_blank\" href=\"https:\/\/www.linkedin.com\/in\/edilson-s-ribeiro-9418abb3\/\" class=\"social_item social_item_style_icons social_item_type_icons\"><span class=\"social_icon social_icon_linkedin\"><span class=\"icon-linkedin\"><\/span><\/span><\/a><\/div><\/div><div class=\"trx_addons_hover_mask\"><\/div><\/div>        <div class=\"sc_team_item_info\">\n            <div class=\"sc_team_item_header\">\n                <h4 class=\"sc_team_item_title\"><a href=\"https:\/\/ippv.com.br\/coach\/team\/edilson-soares-ribeiro\/\">Edilson Soares Ribeiro<\/a><\/h4>\n                <div class=\"sc_team_item_subtitle\"><\/div>\n            <\/div>\n        <\/div>\n    <\/div>\n<\/div><\/div><\/div><!-- \/.sc_team -->[\/vc_column][\/vc_row]<\/p>\n","protected":false},"excerpt":{"rendered":"<p>[vc_row full_width=&#8221;stretch_row&#8221; parallax=&#8221;content-moving&#8221; parallax_image=&#8221;6159&#8243; hide_bg_image_on_tablet=&#8221;&#8221; hide_bg_image_on_mobile=&#8221;&#8221; css=&#8221;.vc_custom_1687104596365{padding-top: 128px !important;background-color: #d1d1d1 !important;background-size: cover !important;}&#8221;][vc_column][vc_custom_heading text=&#8221;BLOG IPPV&#8221; font_container=&#8221;tag:h1|font_size:72|text_align:center|color:%23ffffff&#8221; google_fonts=&#8221;font_family:Asap%3Aregular%2Citalic%2C700%2C700italic|font_style:400%20regular%3A400%3Anormal&#8221; css_animation=&#8221;flipInX&#8221; css=&#8221;.vc_custom_1687221681443{margin-top: 0px !important;margin-bottom: 0px !important;padding-top: 0px !important;padding-bottom: 0px !important;}&#8221;][vc_custom_heading text=&#8221;Artigos e princ\u00edpios&hellip;<\/p>\n","protected":false},"author":1,"featured_media":0,"parent":0,"menu_order":0,"comment_status":"closed","ping_status":"closed","template":"","meta":{"content-type":"","footnotes":""},"yoast_head":"<!-- This site is optimized with the Yoast SEO plugin v22.5 - https:\/\/yoast.com\/wordpress\/plugins\/seo\/ -->\n<title>Blog Instituto Princ\u00edpios Para Viver - Uma Vida Abundante e Extraordin\u00e1ria!<\/title>\n<meta name=\"description\" content=\"Veja no nosso Blog Artigos e Princ\u00edpios sobre Lideran\u00e7a, Intelig\u00eancia Emocional e nos Relacionamentos inspiradores e desenvolva sua lideran\u00e7a ainda mais!\" \/>\n<meta name=\"robots\" content=\"index, follow, max-snippet:-1, max-image-preview:large, max-video-preview:-1\" \/>\n<link rel=\"canonical\" href=\"https:\/\/ippv.com.br\/coach\/blog\/\" \/>\n<meta property=\"og:locale\" content=\"pt_BR\" \/>\n<meta property=\"og:type\" content=\"article\" \/>\n<meta property=\"og:title\" content=\"Blog Instituto Princ\u00edpios Para Viver - Uma Vida Abundante e Extraordin\u00e1ria!\" \/>\n<meta property=\"og:description\" content=\"Veja no nosso Blog Artigos e Princ\u00edpios sobre Lideran\u00e7a, Intelig\u00eancia Emocional e nos Relacionamentos inspiradores e desenvolva sua lideran\u00e7a ainda mais!\" \/>\n<meta property=\"og:url\" content=\"https:\/\/ippv.com.br\/coach\/blog\/\" \/>\n<meta property=\"og:site_name\" content=\"Instituto Princ\u00edpios Para Viver\" \/>\n<meta property=\"article:publisher\" content=\"https:\/\/www.facebook.com\/principiosparaviver.coach\/\" \/>\n<meta property=\"article:modified_time\" content=\"2024-04-29T19:57:57+00:00\" \/>\n<meta name=\"twitter:card\" content=\"summary_large_image\" \/>\n<meta name=\"twitter:label1\" content=\"Est. tempo de leitura\" \/>\n\t<meta name=\"twitter:data1\" content=\"4 minutos\" \/>\n<script type=\"application\/ld+json\" class=\"yoast-schema-graph\">{\"@context\":\"https:\/\/schema.org\",\"@graph\":[{\"@type\":\"WebPage\",\"@id\":\"https:\/\/ippv.com.br\/coach\/blog\/\",\"url\":\"https:\/\/ippv.com.br\/coach\/blog\/\",\"name\":\"Blog Instituto Princ\u00edpios Para Viver - Uma Vida Abundante e Extraordin\u00e1ria!\",\"isPartOf\":{\"@id\":\"https:\/\/ippv.com.br\/coach\/#website\"},\"datePublished\":\"2018-01-25T12:55:50+00:00\",\"dateModified\":\"2024-04-29T19:57:57+00:00\",\"description\":\"Veja no nosso Blog Artigos e Princ\u00edpios sobre Lideran\u00e7a, Intelig\u00eancia Emocional e nos Relacionamentos inspiradores e desenvolva sua lideran\u00e7a ainda mais!\",\"breadcrumb\":{\"@id\":\"https:\/\/ippv.com.br\/coach\/blog\/#breadcrumb\"},\"inLanguage\":\"pt-BR\",\"potentialAction\":[{\"@type\":\"ReadAction\",\"target\":[\"https:\/\/ippv.com.br\/coach\/blog\/\"]}]},{\"@type\":\"BreadcrumbList\",\"@id\":\"https:\/\/ippv.com.br\/coach\/blog\/#breadcrumb\",\"itemListElement\":[{\"@type\":\"ListItem\",\"position\":1,\"name\":\"In\u00edcio\",\"item\":\"https:\/\/ippv.com.br\/coach\/\"},{\"@type\":\"ListItem\",\"position\":2,\"name\":\"Blog\"}]},{\"@type\":\"WebSite\",\"@id\":\"https:\/\/ippv.com.br\/coach\/#website\",\"url\":\"https:\/\/ippv.com.br\/coach\/\",\"name\":\"Instituto Princ\u00edpios Para Viver\",\"description\":\"Uma Vida Abundante com Resultados Extraordin\u00e1rios\",\"potentialAction\":[{\"@type\":\"SearchAction\",\"target\":{\"@type\":\"EntryPoint\",\"urlTemplate\":\"https:\/\/ippv.com.br\/coach\/?s={search_term_string}\"},\"query-input\":\"required name=search_term_string\"}],\"inLanguage\":\"pt-BR\"}]}<\/script>\n<!-- \/ Yoast SEO plugin. -->","yoast_head_json":{"title":"Blog Instituto Princ\u00edpios Para Viver - Uma Vida Abundante e Extraordin\u00e1ria!","description":"Veja no nosso Blog Artigos e Princ\u00edpios sobre Lideran\u00e7a, Intelig\u00eancia Emocional e nos Relacionamentos inspiradores e desenvolva sua lideran\u00e7a ainda mais!","robots":{"index":"index","follow":"follow","max-snippet":"max-snippet:-1","max-image-preview":"max-image-preview:large","max-video-preview":"max-video-preview:-1"},"canonical":"https:\/\/ippv.com.br\/coach\/blog\/","og_locale":"pt_BR","og_type":"article","og_title":"Blog Instituto Princ\u00edpios Para Viver - Uma Vida Abundante e Extraordin\u00e1ria!","og_description":"Veja no nosso Blog Artigos e Princ\u00edpios sobre Lideran\u00e7a, Intelig\u00eancia Emocional e nos Relacionamentos inspiradores e desenvolva sua lideran\u00e7a ainda mais!","og_url":"https:\/\/ippv.com.br\/coach\/blog\/","og_site_name":"Instituto Princ\u00edpios Para Viver","article_publisher":"https:\/\/www.facebook.com\/principiosparaviver.coach\/","article_modified_time":"2024-04-29T19:57:57+00:00","twitter_card":"summary_large_image","twitter_misc":{"Est. tempo de leitura":"4 minutos"},"schema":{"@context":"https:\/\/schema.org","@graph":[{"@type":"WebPage","@id":"https:\/\/ippv.com.br\/coach\/blog\/","url":"https:\/\/ippv.com.br\/coach\/blog\/","name":"Blog Instituto Princ\u00edpios Para Viver - Uma Vida Abundante e Extraordin\u00e1ria!","isPartOf":{"@id":"https:\/\/ippv.com.br\/coach\/#website"},"datePublished":"2018-01-25T12:55:50+00:00","dateModified":"2024-04-29T19:57:57+00:00","description":"Veja no nosso Blog Artigos e Princ\u00edpios sobre Lideran\u00e7a, Intelig\u00eancia Emocional e nos Relacionamentos inspiradores e desenvolva sua lideran\u00e7a ainda mais!","breadcrumb":{"@id":"https:\/\/ippv.com.br\/coach\/blog\/#breadcrumb"},"inLanguage":"pt-BR","potentialAction":[{"@type":"ReadAction","target":["https:\/\/ippv.com.br\/coach\/blog\/"]}]},{"@type":"BreadcrumbList","@id":"https:\/\/ippv.com.br\/coach\/blog\/#breadcrumb","itemListElement":[{"@type":"ListItem","position":1,"name":"In\u00edcio","item":"https:\/\/ippv.com.br\/coach\/"},{"@type":"ListItem","position":2,"name":"Blog"}]},{"@type":"WebSite","@id":"https:\/\/ippv.com.br\/coach\/#website","url":"https:\/\/ippv.com.br\/coach\/","name":"Instituto Princ\u00edpios Para Viver","description":"Uma Vida Abundante com Resultados Extraordin\u00e1rios","potentialAction":[{"@type":"SearchAction","target":{"@type":"EntryPoint","urlTemplate":"https:\/\/ippv.com.br\/coach\/?s={search_term_string}"},"query-input":"required name=search_term_string"}],"inLanguage":"pt-BR"}]}},"_links":{"self":[{"href":"https:\/\/ippv.com.br\/coach\/wp-json\/wp\/v2\/pages\/1838"}],"collection":[{"href":"https:\/\/ippv.com.br\/coach\/wp-json\/wp\/v2\/pages"}],"about":[{"href":"https:\/\/ippv.com.br\/coach\/wp-json\/wp\/v2\/types\/page"}],"author":[{"embeddable":true,"href":"https:\/\/ippv.com.br\/coach\/wp-json\/wp\/v2\/users\/1"}],"replies":[{"embeddable":true,"href":"https:\/\/ippv.com.br\/coach\/wp-json\/wp\/v2\/comments?post=1838"}],"version-history":[{"count":116,"href":"https:\/\/ippv.com.br\/coach\/wp-json\/wp\/v2\/pages\/1838\/revisions"}],"predecessor-version":[{"id":6229,"href":"https:\/\/ippv.com.br\/coach\/wp-json\/wp\/v2\/pages\/1838\/revisions\/6229"}],"wp:attachment":[{"href":"https:\/\/ippv.com.br\/coach\/wp-json\/wp\/v2\/media?parent=1838"}],"curies":[{"name":"wp","href":"https:\/\/api.w.org\/{rel}","templated":true}]}}