{"id":2423,"date":"2019-04-25T21:17:02","date_gmt":"2019-04-25T21:17:02","guid":{"rendered":"https:\/\/ippv.com.br\/coach\/?page_id=2423"},"modified":"2023-06-19T21:40:54","modified_gmt":"2023-06-20T00:40:54","slug":"eventos","status":"publish","type":"page","link":"https:\/\/ippv.com.br\/coach\/eventos\/","title":{"rendered":"Eventos"},"content":{"rendered":"<p>[vc_row full_width=&#8221;stretch_row&#8221; parallax=&#8221;content-moving&#8221; parallax_image=&#8221;6159&#8243; css=&#8221;.vc_custom_1687105234635{padding-top: 128px !important;padding-bottom: 128px !important;}&#8221;][vc_column][vc_custom_heading text=&#8221;TODOS OS EVENTOS&#8221; font_container=&#8221;tag:h1|text_align:center|color:%23ffffff&#8221; google_fonts=&#8221;font_family:Oswald%3A300%2Cregular%2C700|font_style:400%20regular%3A400%3Anormal&#8221; css_animation=&#8221;fadeIn&#8221;][\/vc_column][\/vc_row][vc_row full_width=&#8221;stretch_row&#8221; css=&#8221;.vc_custom_1687043263960{padding-top: 32px !important;padding-bottom: 32px !important;background-color: #ffffff !important;}&#8221;][vc_column css_animation=&#8221;slideInLeft&#8221; width=&#8221;2\/3&#8243;][vc_tta_tabs][vc_tta_section title=&#8221;Pr\u00f3ximos Treinamentos&#8221; tab_id=&#8221;1556910635210-af5a769d-875e&#8221;][vc_basic_grid post_type=&#8221;event&#8221; max_items=&#8221;10&#8243; element_width=&#8221;6&#8243; order=&#8221;ASC&#8221; item=&#8221;2446&#8243; grid_id=&#8221;vc_gid:1687221644831-7685d3f536ab926675e0acdda8d924a5-1&#8243; taxonomies=&#8221;58&#8243;][\/vc_tta_section][vc_tta_section title=&#8221;Eventos Passados&#8221; tab_id=&#8221;1556910635212-de63ee26-c769&#8243;][vc_basic_grid post_type=&#8221;event&#8221; max_items=&#8221;10&#8243; element_width=&#8221;6&#8243; item=&#8221;2446&#8243; grid_id=&#8221;vc_gid:1687221644853-4f69f43e3730e1dc6ea09daf5931f5dd-7&#8243; taxonomies=&#8221;57&#8243;][\/vc_tta_section][\/vc_tta_tabs][\/vc_column][vc_column css_animation=&#8221;slideInUp&#8221; width=&#8221;1\/3&#8243; css=&#8221;.vc_custom_1687219732838{background-color: #c4c4c4 !important;border-radius: 4px !important;}&#8221;][vc_custom_heading text=&#8221;Sobre&#8221; font_container=&#8221;tag:h3|text_align:left&#8221; google_fonts=&#8221;font_family:Oswald%3A300%2Cregular%2C700|font_style:400%20regular%3A400%3Anormal&#8221; css=&#8221;.vc_custom_1687038746909{margin-top: 16px !important;padding-top: 16px !important;}&#8221;][vc_wp_text]<span style=\"color: #000; font-size: 17px; font-family: Asap;\">O Instituto Princ\u00edpios Para Viver nasceu com o objetivo de desenvolver pessoas, organiza\u00e7\u00f5es, fam\u00edlias, atrav\u00e9s de uma metodologia que n\u00e3o se preocupa apenas com a capacita\u00e7\u00e3o t\u00e9cnica, mais nossa meta \u00e9 levar o ser humano e as organiza\u00e7\u00f5es a uma profunda transforma\u00e7\u00e3o e evolu\u00e7\u00e3o para viver o extraordin\u00e1rio em todas as \u00e1reas.<\/span><\/p>\n<p><span style=\"color: #000; font-size: 17px; font-family: Asap;\">Cremos que o desenvolvimento completo consiste em potencializar todas as \u00e1reas da vida humana, tal como todos os setores dentro de uma organiza\u00e7\u00e3o para que o crescimento seja uniforme e duradouro.<\/span>[\/vc_wp_text][vc_custom_heading text=&#8221;Nossa Miss\u00e3o&#8221; font_container=&#8221;tag:h3|text_align:left&#8221; google_fonts=&#8221;font_family:Oswald%3A300%2Cregular%2C700|font_style:400%20regular%3A400%3Anormal&#8221; css=&#8221;.vc_custom_1579713744987{margin-top: 16px !important;padding-top: 0px !important;padding-bottom: 0px !important;}&#8221;][vc_wp_text]<span style=\"color: #000; font-size: 17px; font-family: Asap;\"><strong>Alcan\u00e7ar<\/strong>, <strong>transformar<\/strong>, <strong>desenvolver<\/strong> e <strong>potencializar<\/strong> pessoas e organiza\u00e7\u00f5es.<\/span>[\/vc_wp_text][vc_custom_heading text=&#8221;Nossa Vis\u00e3o&#8221; font_container=&#8221;tag:h3|text_align:left&#8221; google_fonts=&#8221;font_family:Oswald%3A300%2Cregular%2C700|font_style:400%20regular%3A400%3Anormal&#8221; css=&#8221;.vc_custom_1579713756965{margin-top: 16px !important;padding-top: 0px !important;padding-bottom: 0px !important;}&#8221;][vc_wp_text]<span style=\"color: #000; font-size: 17px; font-family: Asap;\">Ser instrumento de <strong>transforma\u00e7\u00e3o<\/strong> e <strong>mudan\u00e7a<\/strong> em todas as suas formas de atua\u00e7\u00e3o.<\/span>[\/vc_wp_text][vc_custom_heading text=&#8221;Nossos Valores&#8221; font_container=&#8221;tag:h3|text_align:left&#8221; google_fonts=&#8221;font_family:Oswald%3A300%2Cregular%2C700|font_style:400%20regular%3A400%3Anormal&#8221; css=&#8221;.vc_custom_1579713766791{margin-top: 16px !important;padding-top: 0px !important;padding-bottom: 0px !important;}&#8221;][vc_wp_text]<span style=\"color: #000; font-size: 17px; font-family: Asap;\">Princ\u00edpios benignos, vis\u00e3o sist\u00eamica, inova\u00e7\u00e3o, honestidade, lealdade, eternidade, legado, humanidade, resultados extraordin\u00e1rios.<\/span>[\/vc_wp_text][vc_empty_space hide_on_desktop=&#8221;&#8221; hide_on_notebook=&#8221;&#8221; hide_on_tablet=&#8221;&#8221; hide_on_mobile=&#8221;&#8221;][vc_btn title=&#8221;FALE CONOSCO&#8221; color=&#8221;info&#8221; align=&#8221;center&#8221; link=&#8221;url:https%3A%2F%2Fippv.com.br%2Fcoach%2Fcontato|||&#8221;][\/vc_column][\/vc_row]<\/p>\n","protected":false},"excerpt":{"rendered":"<p>[vc_row full_width=&#8221;stretch_row&#8221; parallax=&#8221;content-moving&#8221; parallax_image=&#8221;6159&#8243; css=&#8221;.vc_custom_1687105234635{padding-top: 128px !important;padding-bottom: 128px !important;}&#8221;][vc_column][vc_custom_heading text=&#8221;TODOS OS EVENTOS&#8221; font_container=&#8221;tag:h1|text_align:center|color:%23ffffff&#8221; google_fonts=&#8221;font_family:Oswald%3A300%2Cregular%2C700|font_style:400%20regular%3A400%3Anormal&#8221; css_animation=&#8221;fadeIn&#8221;][\/vc_column][\/vc_row][vc_row full_width=&#8221;stretch_row&#8221; css=&#8221;.vc_custom_1687043263960{padding-top: 32px !important;padding-bottom: 32px !important;background-color: #ffffff !important;}&#8221;][vc_column css_animation=&#8221;slideInLeft&#8221; width=&#8221;2\/3&#8243;][vc_tta_tabs][vc_tta_section title=&#8221;Pr\u00f3ximos Treinamentos&#8221; tab_id=&#8221;1556910635210-af5a769d-875e&#8221;][vc_basic_grid post_type=&#8221;event&#8221; max_items=&#8221;10&#8243;&hellip;<\/p>\n","protected":false},"author":1,"featured_media":0,"parent":0,"menu_order":0,"comment_status":"closed","ping_status":"closed","template":"","meta":{"content-type":"","footnotes":""},"yoast_head":"<!-- This site is optimized with the Yoast SEO plugin v22.5 - https:\/\/yoast.com\/wordpress\/plugins\/seo\/ -->\n<title>Eventos - Instituto Princ\u00edpios Para Viver - Uma Vida Abundante e Extraordin\u00e1ria!<\/title>\n<meta name=\"description\" content=\"Saiba quando ser\u00e3o os nossos pr\u00f3ximos Eventos e Treinamentos. Uma Vida Abundante com Resultados Extraordin\u00e1rios - Princ\u00edpios Para Viver.\" \/>\n<meta name=\"robots\" content=\"index, follow, max-snippet:-1, max-image-preview:large, max-video-preview:-1\" \/>\n<link rel=\"canonical\" href=\"https:\/\/ippv.com.br\/coach\/eventos\/\" \/>\n<meta property=\"og:locale\" content=\"pt_BR\" \/>\n<meta property=\"og:type\" content=\"article\" \/>\n<meta property=\"og:title\" content=\"Eventos - Instituto Princ\u00edpios Para Viver - Uma Vida Abundante e Extraordin\u00e1ria!\" \/>\n<meta property=\"og:description\" content=\"Saiba quando ser\u00e3o os nossos pr\u00f3ximos Eventos e Treinamentos. Uma Vida Abundante com Resultados Extraordin\u00e1rios - Princ\u00edpios Para Viver.\" \/>\n<meta property=\"og:url\" content=\"https:\/\/ippv.com.br\/coach\/eventos\/\" \/>\n<meta property=\"og:site_name\" content=\"Instituto Princ\u00edpios Para Viver\" \/>\n<meta property=\"article:publisher\" content=\"https:\/\/www.facebook.com\/principiosparaviver.coach\/\" \/>\n<meta property=\"article:modified_time\" content=\"2023-06-20T00:40:54+00:00\" \/>\n<meta name=\"twitter:card\" content=\"summary_large_image\" \/>\n<meta name=\"twitter:label1\" content=\"Est. tempo de leitura\" \/>\n\t<meta name=\"twitter:data1\" content=\"2 minutos\" \/>\n<script type=\"application\/ld+json\" class=\"yoast-schema-graph\">{\"@context\":\"https:\/\/schema.org\",\"@graph\":[{\"@type\":\"WebPage\",\"@id\":\"https:\/\/ippv.com.br\/coach\/eventos\/\",\"url\":\"https:\/\/ippv.com.br\/coach\/eventos\/\",\"name\":\"Eventos - Instituto Princ\u00edpios Para Viver - Uma Vida Abundante e Extraordin\u00e1ria!\",\"isPartOf\":{\"@id\":\"https:\/\/ippv.com.br\/coach\/#website\"},\"datePublished\":\"2019-04-25T21:17:02+00:00\",\"dateModified\":\"2023-06-20T00:40:54+00:00\",\"description\":\"Saiba quando ser\u00e3o os nossos pr\u00f3ximos Eventos e Treinamentos. Uma Vida Abundante com Resultados Extraordin\u00e1rios - Princ\u00edpios Para Viver.\",\"breadcrumb\":{\"@id\":\"https:\/\/ippv.com.br\/coach\/eventos\/#breadcrumb\"},\"inLanguage\":\"pt-BR\",\"potentialAction\":[{\"@type\":\"ReadAction\",\"target\":[\"https:\/\/ippv.com.br\/coach\/eventos\/\"]}]},{\"@type\":\"BreadcrumbList\",\"@id\":\"https:\/\/ippv.com.br\/coach\/eventos\/#breadcrumb\",\"itemListElement\":[{\"@type\":\"ListItem\",\"position\":1,\"name\":\"In\u00edcio\",\"item\":\"https:\/\/ippv.com.br\/coach\/\"},{\"@type\":\"ListItem\",\"position\":2,\"name\":\"Eventos\"}]},{\"@type\":\"WebSite\",\"@id\":\"https:\/\/ippv.com.br\/coach\/#website\",\"url\":\"https:\/\/ippv.com.br\/coach\/\",\"name\":\"Instituto Princ\u00edpios Para Viver\",\"description\":\"Uma Vida Abundante com Resultados Extraordin\u00e1rios\",\"potentialAction\":[{\"@type\":\"SearchAction\",\"target\":{\"@type\":\"EntryPoint\",\"urlTemplate\":\"https:\/\/ippv.com.br\/coach\/?s={search_term_string}\"},\"query-input\":\"required name=search_term_string\"}],\"inLanguage\":\"pt-BR\"}]}<\/script>\n<!-- \/ Yoast SEO plugin. -->","yoast_head_json":{"title":"Eventos - Instituto Princ\u00edpios Para Viver - Uma Vida Abundante e Extraordin\u00e1ria!","description":"Saiba quando ser\u00e3o os nossos pr\u00f3ximos Eventos e Treinamentos. Uma Vida Abundante com Resultados Extraordin\u00e1rios - Princ\u00edpios Para Viver.","robots":{"index":"index","follow":"follow","max-snippet":"max-snippet:-1","max-image-preview":"max-image-preview:large","max-video-preview":"max-video-preview:-1"},"canonical":"https:\/\/ippv.com.br\/coach\/eventos\/","og_locale":"pt_BR","og_type":"article","og_title":"Eventos - Instituto Princ\u00edpios Para Viver - Uma Vida Abundante e Extraordin\u00e1ria!","og_description":"Saiba quando ser\u00e3o os nossos pr\u00f3ximos Eventos e Treinamentos. Uma Vida Abundante com Resultados Extraordin\u00e1rios - Princ\u00edpios Para Viver.","og_url":"https:\/\/ippv.com.br\/coach\/eventos\/","og_site_name":"Instituto Princ\u00edpios Para Viver","article_publisher":"https:\/\/www.facebook.com\/principiosparaviver.coach\/","article_modified_time":"2023-06-20T00:40:54+00:00","twitter_card":"summary_large_image","twitter_misc":{"Est. tempo de leitura":"2 minutos"},"schema":{"@context":"https:\/\/schema.org","@graph":[{"@type":"WebPage","@id":"https:\/\/ippv.com.br\/coach\/eventos\/","url":"https:\/\/ippv.com.br\/coach\/eventos\/","name":"Eventos - Instituto Princ\u00edpios Para Viver - Uma Vida Abundante e Extraordin\u00e1ria!","isPartOf":{"@id":"https:\/\/ippv.com.br\/coach\/#website"},"datePublished":"2019-04-25T21:17:02+00:00","dateModified":"2023-06-20T00:40:54+00:00","description":"Saiba quando ser\u00e3o os nossos pr\u00f3ximos Eventos e Treinamentos. Uma Vida Abundante com Resultados Extraordin\u00e1rios - Princ\u00edpios Para Viver.","breadcrumb":{"@id":"https:\/\/ippv.com.br\/coach\/eventos\/#breadcrumb"},"inLanguage":"pt-BR","potentialAction":[{"@type":"ReadAction","target":["https:\/\/ippv.com.br\/coach\/eventos\/"]}]},{"@type":"BreadcrumbList","@id":"https:\/\/ippv.com.br\/coach\/eventos\/#breadcrumb","itemListElement":[{"@type":"ListItem","position":1,"name":"In\u00edcio","item":"https:\/\/ippv.com.br\/coach\/"},{"@type":"ListItem","position":2,"name":"Eventos"}]},{"@type":"WebSite","@id":"https:\/\/ippv.com.br\/coach\/#website","url":"https:\/\/ippv.com.br\/coach\/","name":"Instituto Princ\u00edpios Para Viver","description":"Uma Vida Abundante com Resultados Extraordin\u00e1rios","potentialAction":[{"@type":"SearchAction","target":{"@type":"EntryPoint","urlTemplate":"https:\/\/ippv.com.br\/coach\/?s={search_term_string}"},"query-input":"required name=search_term_string"}],"inLanguage":"pt-BR"}]}},"_links":{"self":[{"href":"https:\/\/ippv.com.br\/coach\/wp-json\/wp\/v2\/pages\/2423"}],"collection":[{"href":"https:\/\/ippv.com.br\/coach\/wp-json\/wp\/v2\/pages"}],"about":[{"href":"https:\/\/ippv.com.br\/coach\/wp-json\/wp\/v2\/types\/page"}],"author":[{"embeddable":true,"href":"https:\/\/ippv.com.br\/coach\/wp-json\/wp\/v2\/users\/1"}],"replies":[{"embeddable":true,"href":"https:\/\/ippv.com.br\/coach\/wp-json\/wp\/v2\/comments?post=2423"}],"version-history":[{"count":44,"href":"https:\/\/ippv.com.br\/coach\/wp-json\/wp\/v2\/pages\/2423\/revisions"}],"predecessor-version":[{"id":6213,"href":"https:\/\/ippv.com.br\/coach\/wp-json\/wp\/v2\/pages\/2423\/revisions\/6213"}],"wp:attachment":[{"href":"https:\/\/ippv.com.br\/coach\/wp-json\/wp\/v2\/media?parent=2423"}],"curies":[{"name":"wp","href":"https:\/\/api.w.org\/{rel}","templated":true}]}}