{"id":439,"date":"2017-02-07T13:32:29","date_gmt":"2017-02-07T13:32:29","guid":{"rendered":"http:\/\/legrand.themerex.net\/?page_id=439"},"modified":"2023-06-19T21:40:21","modified_gmt":"2023-06-20T00:40:21","slug":"quem-somos","status":"publish","type":"page","link":"https:\/\/ippv.com.br\/coach\/quem-somos\/","title":{"rendered":"Quem Somos"},"content":{"rendered":"<p>[vc_row full_width=&#8221;stretch_row&#8221; parallax=&#8221;content-moving&#8221; parallax_image=&#8221;6159&#8243; css=&#8221;.vc_custom_1687105453685{padding-top: 128px !important;padding-bottom: 128px !important;background-color: #ffffff !important;}&#8221;][vc_column][vc_custom_heading text=&#8221;QUEM SOMOS&#8221; font_container=&#8221;tag:h1|text_align:center|color:%23ffffff&#8221; google_fonts=&#8221;font_family:Oswald%3A300%2Cregular%2C700|font_style:400%20regular%3A400%3Anormal&#8221; css_animation=&#8221;fadeIn&#8221;][\/vc_column][\/vc_row][vc_row full_width=&#8221;stretch_row&#8221; css_animation=&#8221;none&#8221; hide_bg_image_on_tablet=&#8221;&#8221; hide_bg_image_on_mobile=&#8221;&#8221; css=&#8221;.vc_custom_1687219266934{padding-top: 32px !important;padding-bottom: 32px !important;background-color: #ffffff !important;background-size: contain !important;}&#8221;][vc_column css_animation=&#8221;slideInLeft&#8221; width=&#8221;1\/2&#8243;][vc_custom_heading text=&#8221;Sobre o Instituto Princ\u00edpios Para Viver&#8221; font_container=&#8221;tag:h3|text_align:left|color:%230a0a0a&#8221; google_fonts=&#8221;font_family:Oswald%3A300%2Cregular%2C700|font_style:400%20regular%3A400%3Anormal&#8221;][vc_wp_text]O Instituto Princ\u00edpios Para Viver nasceu com o objetivo de desenvolver pessoas, organiza\u00e7\u00f5es e fam\u00edlias, atrav\u00e9s de uma metodologia que n\u00e3o se preocupa apenas com a capacita\u00e7\u00e3o t\u00e9cnica, mas nossa meta \u00e9 levar o ser humano e as organiza\u00e7\u00f5es a uma profunda transforma\u00e7\u00e3o e evolu\u00e7\u00e3o para viver o extraordin\u00e1rio em todas as \u00e1reas.<\/p>\n<p>Cremos que o desenvolvimento completo consiste em potencializar todas as \u00e1reas da vida humana, tal como todos os setores dentro de uma organiza\u00e7\u00e3o para que o crescimento seja uniforme e duradouro.[\/vc_wp_text][\/vc_column][vc_column css_animation=&#8221;slideInUp&#8221; width=&#8221;1\/2&#8243;][vc_custom_heading text=&#8221;Nossa Miss\u00e3o&#8221; font_container=&#8221;tag:h3|text_align:left|color:%230a0a0a&#8221; google_fonts=&#8221;font_family:Oswald%3A300%2Cregular%2C700|font_style:400%20regular%3A400%3Anormal&#8221; css=&#8221;.vc_custom_1687037637010{margin-bottom: 8px !important;padding-bottom: 0px !important;}&#8221;][vc_wp_text]<\/p>\n<div class=\"wpb_text_column wpb_content_element \">\n<div class=\"wpb_wrapper\">\n<p><strong>Alcan\u00e7ar<\/strong>, <strong>transformar<\/strong>, <strong>desenvolver<\/strong> e <strong>potencializar<\/strong> pessoas e organiza\u00e7\u00f5es.<\/div>\n<\/div>\n<p>[\/vc_wp_text][vc_custom_heading text=&#8221;Nossa Vis\u00e3o&#8221; font_container=&#8221;tag:h3|text_align:left|color:%230a0a0a&#8221; google_fonts=&#8221;font_family:Oswald%3A300%2Cregular%2C700|font_style:400%20regular%3A400%3Anormal&#8221; css=&#8221;.vc_custom_1687037646303{margin-top: 8px !important;margin-bottom: 8px !important;padding-top: 0px !important;padding-bottom: 0px !important;}&#8221;][vc_wp_text]Ser instrumento de transforma\u00e7\u00e3o e mudan\u00e7a em todas as suas formas de atua\u00e7\u00e3o.[\/vc_wp_text][vc_custom_heading text=&#8221;Nossos Valores&#8221; font_container=&#8221;tag:h3|text_align:left|color:%230a0a0a&#8221; google_fonts=&#8221;font_family:Oswald%3A300%2Cregular%2C700|font_style:400%20regular%3A400%3Anormal&#8221; css=&#8221;.vc_custom_1687037659360{margin-top: 8px !important;margin-bottom: 8px !important;padding-top: 0px !important;padding-bottom: 0px !important;}&#8221;][vc_wp_text]Princ\u00edpios benignos, vis\u00e3o sist\u00eamica, inova\u00e7\u00e3o, honestidade, lealdade, eternidade, legado, humanidade, resultados extraordin\u00e1rios.[\/vc_wp_text][\/vc_column][\/vc_row][vc_row full_width=&#8221;stretch_row&#8221; hide_bg_image_on_tablet=&#8221;&#8221; hide_bg_image_on_mobile=&#8221;&#8221; css=&#8221;.vc_custom_1687037721965{background-color: #e5e5e5 !important;background-size: contain !important;}&#8221;][vc_column]<div class=\"sc_layouts sc_layouts_default sc_layouts_891\">[vc_row css_animation=\"flipInX\" css=\".vc_custom_1687218930627{padding-top: 32px !important;padding-bottom: 32px !important;background-color: #e5e5e5 !important;}\"][vc_column icons_position=\"left\"][vc_custom_heading text=\"CONHE\u00c7A NOSSOS TRAINERS\" font_container=\"tag:h1|text_align:center|color:%230a0a0a\" google_fonts=\"font_family:Oswald%3A300%2Cregular%2C700|font_style:400%20regular%3A400%3Anormal\"][vc_empty_space height=\"2em\" alter_height=\"none\" hide_on_desktop=\"\" hide_on_notebook=\"\" hide_on_tablet=\"\" hide_on_mobile=\"1\"]<div class=\"sc_team color_style_default sc_team_default\"><div class=\"sc_team_columns_wrap sc_item_columns trx_addons_columns_wrap columns_padding_bottom\"><div class=\"trx_addons_column-1_3\">    <div class=\"sc_team_item\">\n        <div class=\"post_featured sc_team_item_thumb trx_addons_hover trx_addons_hover_style_info\">\n\t\t\t\t\t\t\t\t\t\t<a href=\"https:\/\/ippv.com.br\/coach\/team\/cleber-felisbino-barbosa\/\" aria-hidden=\"true\"><img loading=\"lazy\" decoding=\"async\" width=\"750\" height=\"820\" src=\"https:\/\/ippv.com.br\/coach\/wp-content\/uploads\/2017\/11\/trCleber-750x820.jpg\" class=\"attachment-legrand-thumb-portrait size-legrand-thumb-portrait wp-post-image\" alt=\"\" \/><\/a>\n\t\t\t\t\t<div class=\"trx_addons_hover_content\"><div class=\"sc_team_item_socials socials_wrap trx_addons_hover_info\"><a target=\"_blank\" href=\"https:\/\/www.facebook.com\/cleber.felisbinobarbosa\" class=\"social_item social_item_style_icons social_item_type_icons\"><span class=\"social_icon social_icon_facebook\"><span class=\"icon-facebook\"><\/span><\/span><\/a><\/div><\/div><div class=\"trx_addons_hover_mask\"><\/div><\/div>        <div class=\"sc_team_item_info\">\n            <div class=\"sc_team_item_header\">\n                <h4 class=\"sc_team_item_title\"><a href=\"https:\/\/ippv.com.br\/coach\/team\/cleber-felisbino-barbosa\/\">Cl\u00e9ber Felisbino Barbosa<\/a><\/h4>\n                <div class=\"sc_team_item_subtitle\"><\/div>\n            <\/div>\n        <\/div>\n    <\/div>\n<\/div><div class=\"trx_addons_column-1_3\">    <div class=\"sc_team_item\">\n        <div class=\"post_featured sc_team_item_thumb trx_addons_hover trx_addons_hover_style_info\">\n\t\t\t\t\t\t\t\t\t\t<a href=\"https:\/\/ippv.com.br\/coach\/team\/edilson-soares-ribeiro\/\" aria-hidden=\"true\"><img loading=\"lazy\" decoding=\"async\" width=\"750\" height=\"820\" src=\"https:\/\/ippv.com.br\/coach\/wp-content\/uploads\/2017\/11\/TrEdilson-750x820.jpg\" class=\"attachment-legrand-thumb-portrait size-legrand-thumb-portrait wp-post-image\" alt=\"\" \/><\/a>\n\t\t\t\t\t<div class=\"trx_addons_hover_content\"><div class=\"sc_team_item_socials socials_wrap trx_addons_hover_info\"><a target=\"_blank\" href=\"https:\/\/www.facebook.com\/Edilson.Soares.Ribeiro\" class=\"social_item social_item_style_icons social_item_type_icons\"><span class=\"social_icon social_icon_facebook\"><span class=\"icon-facebook\"><\/span><\/span><\/a><a target=\"_blank\" href=\"https:\/\/www.linkedin.com\/in\/edilson-s-ribeiro-9418abb3\/\" class=\"social_item social_item_style_icons social_item_type_icons\"><span class=\"social_icon social_icon_linkedin\"><span class=\"icon-linkedin\"><\/span><\/span><\/a><\/div><\/div><div class=\"trx_addons_hover_mask\"><\/div><\/div>        <div class=\"sc_team_item_info\">\n            <div class=\"sc_team_item_header\">\n                <h4 class=\"sc_team_item_title\"><a href=\"https:\/\/ippv.com.br\/coach\/team\/edilson-soares-ribeiro\/\">Edilson Soares Ribeiro<\/a><\/h4>\n                <div class=\"sc_team_item_subtitle\"><\/div>\n            <\/div>\n        <\/div>\n    <\/div>\n<\/div><\/div><\/div><!-- \/.sc_team -->[\/vc_column][\/vc_row]<\/div>[\/vc_column][\/vc_row][vc_row hide_bg_image_on_tablet=&#8221;&#8221; hide_bg_image_on_mobile=&#8221;&#8221; css=&#8221;.vc_custom_1513343629856{background-size: contain !important;}&#8221;][vc_column]<div class=\"sc_layouts sc_layouts_default sc_layouts_875\">[vc_row full_width=\"stretch_row_content_no_spaces\" css_animation=\"slideInLeft\" hide_bg_image_on_tablet=\"\" hide_bg_image_on_mobile=\"\" css=\".vc_custom_1687218526881{padding-top: 32px !important;padding-bottom: 32px !important;background-color: #0a0a0a !important;}\"][vc_column icons_position=\"left\"][vc_custom_heading text=\"DEPOIMENTOS DE CLIENTES SATISFEITOS\" font_container=\"tag:h1|text_align:center|color:%23ffffff\" google_fonts=\"font_family:Oswald%3A300%2Cregular%2C700|font_style:400%20regular%3A400%3Anormal\" css_animation=\"fadeIn\"][vc_wp_text]\r\n<div id=\"sc_title_1648117537\" class=\"sc_title color_style_default scheme_dark sc_title_default\">\r\n<div class=\"sc_item_descr sc_title_descr sc_align_center\">\r\n\r\nVeja o que as pessoas que fizeram nossos cursos e treinamentos tem a dizer!\r\n\r\n<\/div>\r\n<\/div>\r\n[\/vc_wp_text][vc_empty_space height=\"2em\" alter_height=\"none\" hide_on_desktop=\"\" hide_on_notebook=\"\" hide_on_tablet=\"\" hide_on_mobile=\"\"][\/vc_column][\/vc_row]<\/div>[\/vc_column][\/vc_row][vc_row hide_bg_image_on_tablet=&#8221;&#8221; hide_bg_image_on_mobile=&#8221;&#8221; css=&#8221;.vc_custom_1511443037357{background-size: contain !important;}&#8221;][vc_column]<div class=\"sc_layouts sc_layouts_default sc_layouts_849\">[vc_row full_width=\"stretch_row\" equal_height=\"yes\" content_placement=\"middle\" css_animation=\"fadeIn\" scheme=\"dark\" hide_bg_image_on_tablet=\"\" hide_bg_image_on_mobile=\"\" row_delimiter=\"\" hide_on_desktop=\"\" hide_on_notebook=\"\" hide_on_tablet=\"\" hide_on_mobile=\"\" hide_on_frontpage=\"\" css=\".vc_custom_1687219631536{background-color: #1a97cb !important;background-size: cover !important;}\"][vc_column icons_position=\"left\" el_class=\"btn_left\"][vc_custom_heading text=\"SOMOS L\u00cdDERES NO MERCADO\" font_container=\"tag:h3|text_align:left\" google_fonts=\"font_family:Oswald%3A300%2Cregular%2C700|font_style:400%20regular%3A400%3Anormal\"][vc_column_text]\r\n<p style=\"color: white;\">Para mais informa\u00e7\u00f5es ou d\u00favidas a serem esclarecidas, entre em contato conosco!<\/p>\r\n[\/vc_column_text]<div class=\"sc_item_button sc_button_wrap sc_align_right\"><a href=\"https:\/\/ippv.com.br\/coach\/contato\" id=\"sc_button_313833563\" class=\"sc_button color_style_dark sc_button_bordered sc_button_size_normal sc_button_with_icon sc_button_icon_left\"><span class=\"sc_button_icon\"><span class=\"icon-mail-light\"><\/span><\/span><span class=\"sc_button_text\"><span class=\"sc_button_title\">Entre em Contato<\/span><\/span><!-- \/.sc_button_text --><\/a><!-- \/.sc_button --><\/div><!-- \/.sc_item_button -->[\/vc_column][\/vc_row]<\/div>[\/vc_column][\/vc_row]<\/p>\n","protected":false},"excerpt":{"rendered":"<p>[vc_row full_width=&#8221;stretch_row&#8221; parallax=&#8221;content-moving&#8221; parallax_image=&#8221;6159&#8243; css=&#8221;.vc_custom_1687105453685{padding-top: 128px !important;padding-bottom: 128px !important;background-color: #ffffff !important;}&#8221;][vc_column][vc_custom_heading text=&#8221;QUEM SOMOS&#8221; font_container=&#8221;tag:h1|text_align:center|color:%23ffffff&#8221; google_fonts=&#8221;font_family:Oswald%3A300%2Cregular%2C700|font_style:400%20regular%3A400%3Anormal&#8221; css_animation=&#8221;fadeIn&#8221;][\/vc_column][\/vc_row][vc_row full_width=&#8221;stretch_row&#8221; css_animation=&#8221;none&#8221; hide_bg_image_on_tablet=&#8221;&#8221; hide_bg_image_on_mobile=&#8221;&#8221; css=&#8221;.vc_custom_1687219266934{padding-top: 32px !important;padding-bottom: 32px !important;background-color: #ffffff !important;background-size: contain !important;}&#8221;][vc_column css_animation=&#8221;slideInLeft&#8221;&hellip;<\/p>\n","protected":false},"author":1,"featured_media":0,"parent":0,"menu_order":0,"comment_status":"closed","ping_status":"closed","template":"","meta":{"content-type":"","footnotes":""},"yoast_head":"<!-- This site is optimized with the Yoast SEO plugin v22.5 - https:\/\/yoast.com\/wordpress\/plugins\/seo\/ -->\n<title>Quem Somos - Instituto Princ\u00edpios Para Viver - Viva o Extraordin\u00e1rio!<\/title>\n<meta name=\"description\" content=\"A miss\u00e3o do Instituto Princ\u00edpios Para Viver \u00e9 alcan\u00e7ar, transformar, desenvolver e potencializar pessoas e organiza\u00e7\u00f5es!\" \/>\n<meta name=\"robots\" content=\"index, follow, max-snippet:-1, max-image-preview:large, max-video-preview:-1\" \/>\n<link rel=\"canonical\" href=\"https:\/\/ippv.com.br\/coach\/quem-somos\/\" \/>\n<meta property=\"og:locale\" content=\"pt_BR\" \/>\n<meta property=\"og:type\" content=\"article\" \/>\n<meta property=\"og:title\" content=\"Quem Somos - Instituto Princ\u00edpios Para Viver - Viva o Extraordin\u00e1rio!\" \/>\n<meta property=\"og:description\" content=\"A miss\u00e3o do Instituto Princ\u00edpios Para Viver \u00e9 alcan\u00e7ar, transformar, desenvolver e potencializar pessoas e organiza\u00e7\u00f5es!\" \/>\n<meta property=\"og:url\" content=\"https:\/\/ippv.com.br\/coach\/quem-somos\/\" \/>\n<meta property=\"og:site_name\" content=\"Instituto Princ\u00edpios Para Viver\" \/>\n<meta property=\"article:publisher\" content=\"https:\/\/www.facebook.com\/principiosparaviver.coach\/\" \/>\n<meta property=\"article:modified_time\" content=\"2023-06-20T00:40:21+00:00\" \/>\n<meta name=\"twitter:card\" content=\"summary_large_image\" \/>\n<meta name=\"twitter:label1\" content=\"Est. tempo de leitura\" \/>\n\t<meta name=\"twitter:data1\" content=\"2 minutos\" \/>\n<script type=\"application\/ld+json\" class=\"yoast-schema-graph\">{\"@context\":\"https:\/\/schema.org\",\"@graph\":[{\"@type\":\"WebPage\",\"@id\":\"https:\/\/ippv.com.br\/coach\/quem-somos\/\",\"url\":\"https:\/\/ippv.com.br\/coach\/quem-somos\/\",\"name\":\"Quem Somos - Instituto Princ\u00edpios Para Viver - Viva o Extraordin\u00e1rio!\",\"isPartOf\":{\"@id\":\"https:\/\/ippv.com.br\/coach\/#website\"},\"datePublished\":\"2017-02-07T13:32:29+00:00\",\"dateModified\":\"2023-06-20T00:40:21+00:00\",\"description\":\"A miss\u00e3o do Instituto Princ\u00edpios Para Viver \u00e9 alcan\u00e7ar, transformar, desenvolver e potencializar pessoas e organiza\u00e7\u00f5es!\",\"breadcrumb\":{\"@id\":\"https:\/\/ippv.com.br\/coach\/quem-somos\/#breadcrumb\"},\"inLanguage\":\"pt-BR\",\"potentialAction\":[{\"@type\":\"ReadAction\",\"target\":[\"https:\/\/ippv.com.br\/coach\/quem-somos\/\"]}]},{\"@type\":\"BreadcrumbList\",\"@id\":\"https:\/\/ippv.com.br\/coach\/quem-somos\/#breadcrumb\",\"itemListElement\":[{\"@type\":\"ListItem\",\"position\":1,\"name\":\"In\u00edcio\",\"item\":\"https:\/\/ippv.com.br\/coach\/\"},{\"@type\":\"ListItem\",\"position\":2,\"name\":\"Quem Somos\"}]},{\"@type\":\"WebSite\",\"@id\":\"https:\/\/ippv.com.br\/coach\/#website\",\"url\":\"https:\/\/ippv.com.br\/coach\/\",\"name\":\"Instituto Princ\u00edpios Para Viver\",\"description\":\"Uma Vida Abundante com Resultados Extraordin\u00e1rios\",\"potentialAction\":[{\"@type\":\"SearchAction\",\"target\":{\"@type\":\"EntryPoint\",\"urlTemplate\":\"https:\/\/ippv.com.br\/coach\/?s={search_term_string}\"},\"query-input\":\"required name=search_term_string\"}],\"inLanguage\":\"pt-BR\"}]}<\/script>\n<!-- \/ Yoast SEO plugin. -->","yoast_head_json":{"title":"Quem Somos - Instituto Princ\u00edpios Para Viver - Viva o Extraordin\u00e1rio!","description":"A miss\u00e3o do Instituto Princ\u00edpios Para Viver \u00e9 alcan\u00e7ar, transformar, desenvolver e potencializar pessoas e organiza\u00e7\u00f5es!","robots":{"index":"index","follow":"follow","max-snippet":"max-snippet:-1","max-image-preview":"max-image-preview:large","max-video-preview":"max-video-preview:-1"},"canonical":"https:\/\/ippv.com.br\/coach\/quem-somos\/","og_locale":"pt_BR","og_type":"article","og_title":"Quem Somos - Instituto Princ\u00edpios Para Viver - Viva o Extraordin\u00e1rio!","og_description":"A miss\u00e3o do Instituto Princ\u00edpios Para Viver \u00e9 alcan\u00e7ar, transformar, desenvolver e potencializar pessoas e organiza\u00e7\u00f5es!","og_url":"https:\/\/ippv.com.br\/coach\/quem-somos\/","og_site_name":"Instituto Princ\u00edpios Para Viver","article_publisher":"https:\/\/www.facebook.com\/principiosparaviver.coach\/","article_modified_time":"2023-06-20T00:40:21+00:00","twitter_card":"summary_large_image","twitter_misc":{"Est. tempo de leitura":"2 minutos"},"schema":{"@context":"https:\/\/schema.org","@graph":[{"@type":"WebPage","@id":"https:\/\/ippv.com.br\/coach\/quem-somos\/","url":"https:\/\/ippv.com.br\/coach\/quem-somos\/","name":"Quem Somos - Instituto Princ\u00edpios Para Viver - Viva o Extraordin\u00e1rio!","isPartOf":{"@id":"https:\/\/ippv.com.br\/coach\/#website"},"datePublished":"2017-02-07T13:32:29+00:00","dateModified":"2023-06-20T00:40:21+00:00","description":"A miss\u00e3o do Instituto Princ\u00edpios Para Viver \u00e9 alcan\u00e7ar, transformar, desenvolver e potencializar pessoas e organiza\u00e7\u00f5es!","breadcrumb":{"@id":"https:\/\/ippv.com.br\/coach\/quem-somos\/#breadcrumb"},"inLanguage":"pt-BR","potentialAction":[{"@type":"ReadAction","target":["https:\/\/ippv.com.br\/coach\/quem-somos\/"]}]},{"@type":"BreadcrumbList","@id":"https:\/\/ippv.com.br\/coach\/quem-somos\/#breadcrumb","itemListElement":[{"@type":"ListItem","position":1,"name":"In\u00edcio","item":"https:\/\/ippv.com.br\/coach\/"},{"@type":"ListItem","position":2,"name":"Quem Somos"}]},{"@type":"WebSite","@id":"https:\/\/ippv.com.br\/coach\/#website","url":"https:\/\/ippv.com.br\/coach\/","name":"Instituto Princ\u00edpios Para Viver","description":"Uma Vida Abundante com Resultados Extraordin\u00e1rios","potentialAction":[{"@type":"SearchAction","target":{"@type":"EntryPoint","urlTemplate":"https:\/\/ippv.com.br\/coach\/?s={search_term_string}"},"query-input":"required name=search_term_string"}],"inLanguage":"pt-BR"}]}},"_links":{"self":[{"href":"https:\/\/ippv.com.br\/coach\/wp-json\/wp\/v2\/pages\/439"}],"collection":[{"href":"https:\/\/ippv.com.br\/coach\/wp-json\/wp\/v2\/pages"}],"about":[{"href":"https:\/\/ippv.com.br\/coach\/wp-json\/wp\/v2\/types\/page"}],"author":[{"embeddable":true,"href":"https:\/\/ippv.com.br\/coach\/wp-json\/wp\/v2\/users\/1"}],"replies":[{"embeddable":true,"href":"https:\/\/ippv.com.br\/coach\/wp-json\/wp\/v2\/comments?post=439"}],"version-history":[{"count":27,"href":"https:\/\/ippv.com.br\/coach\/wp-json\/wp\/v2\/pages\/439\/revisions"}],"predecessor-version":[{"id":6212,"href":"https:\/\/ippv.com.br\/coach\/wp-json\/wp\/v2\/pages\/439\/revisions\/6212"}],"wp:attachment":[{"href":"https:\/\/ippv.com.br\/coach\/wp-json\/wp\/v2\/media?parent=439"}],"curies":[{"name":"wp","href":"https:\/\/api.w.org\/{rel}","templated":true}]}}