{"id":444,"date":"2017-02-07T13:33:01","date_gmt":"2017-02-07T13:33:01","guid":{"rendered":"http:\/\/legrand.themerex.net\/?page_id=444"},"modified":"2023-06-19T21:39:04","modified_gmt":"2023-06-20T00:39:04","slug":"contato","status":"publish","type":"page","link":"https:\/\/ippv.com.br\/coach\/contato\/","title":{"rendered":"Entre em Contato"},"content":{"rendered":"<p>[vc_row full_width=&#8221;stretch_row&#8221; parallax=&#8221;content-moving&#8221; parallax_image=&#8221;6159&#8243; css=&#8221;.vc_custom_1687105071934{background-image: url(https:\/\/ippv.com.br\/coach\/wp-content\/uploads\/2019\/07\/BLCCover1080-1024&#215;683.jpg?id=2626) !important;background-position: top left;}&#8221;][vc_column][vc_custom_heading text=&#8221;ENTRE EM CONTATO&#8221; font_container=&#8221;tag:h1|text_align:center|color:%23ffffff&#8221; google_fonts=&#8221;font_family:Oswald%3A300%2Cregular%2C700|font_style:400%20regular%3A400%3Anormal&#8221; css_animation=&#8221;fadeIn&#8221; css=&#8221;.vc_custom_1687221544708{padding-top: 128px !important;padding-bottom: 128px !important;}&#8221;][\/vc_column][\/vc_row][vc_row full_width=&#8221;stretch_row&#8221; css_animation=&#8221;flipInX&#8221; hide_bg_image_on_tablet=&#8221;&#8221; hide_bg_image_on_mobile=&#8221;&#8221; css=&#8221;.vc_custom_1687221461529{padding-top: 64px !important;padding-bottom: 32px !important;background-color: #ffffff !important;}&#8221;][vc_column][vc_column_text]<\/p>\n<p style=\"text-align: center;\">Para esclarecimento de d\u00favidas em rela\u00e7\u00e3o aos treinamentos ou formas de pagamento, entre em contato conosco atrav\u00e9s do telefone abaixo, ou mande um e-mail para n\u00f3s. Voc\u00ea tamb\u00e9m pode preencher o formul\u00e1rio abaixo com o seu nome, seu e-mail e enviando uma mensagem. Seu Feedback ser\u00e1 altamente apreciado!<\/p>\n<p>[\/vc_column_text][vc_empty_space height=&#8221;3.6em&#8221; alter_height=&#8221;none&#8221; hide_on_desktop=&#8221;&#8221; hide_on_notebook=&#8221;&#8221; hide_on_tablet=&#8221;&#8221; hide_on_mobile=&#8221;&#8221;]<div id=\"sc_icons_346236350\" \n\tclass=\"sc_icons sc_icons_default sc_icons_size_small sc_align_center\"><div class=\"sc_icons_columns_wrap sc_item_columns trx_addons_columns_wrap columns_padding_bottom\"><div class=\"trx_addons_column-1_3\"><div class=\"sc_icons_item sc_icons_item_linked\"><div id=\"sc_icons_346236350_icon-smartphone-1\" class=\"sc_icons_icon sc_icon_type_ icon-smartphone-1\"\n\t\t\t\t\t\t style=\"color: #81d742\"\t\t\t\t\t\t><span class=\"sc_icon_type_ icon-smartphone-1\" style=\"color: #81d742\"><\/span><\/div><div class=\"sc_icons_item_description\"><span>+55 11 95481-7982<\/span><\/div><a href=\"https:\/\/web.whatsapp.com\/send?phone=5511954817982\" class=\"sc_icons_item_link\"><\/a><\/div><\/div><div class=\"trx_addons_column-1_3\"><div class=\"sc_icons_item\"><div id=\"sc_icons_346236350_icon-map-marker-point\" class=\"sc_icons_icon sc_icon_type_ icon-map-marker-point\"\n\t\t\t\t\t\t style=\"color: #dd9933\"\t\t\t\t\t\t><span class=\"sc_icon_type_ icon-map-marker-point\" style=\"color: #dd9933\"><\/span><\/div><div class=\"sc_icons_item_description\"><span>Leopoldo de Passos Lima, N\u00ba 1057 (Piso Superior, Sala 3), S\u00e3o Paulo, Brasil<\/span><\/div><\/div><\/div><div class=\"trx_addons_column-1_3\"><div class=\"sc_icons_item\"><div id=\"sc_icons_346236350_icon-mail-light\" class=\"sc_icons_icon sc_icon_type_ icon-mail-light\"\n\t\t\t\t\t\t style=\"color: #dd3333\"\t\t\t\t\t\t><span class=\"sc_icon_type_ icon-mail-light\" style=\"color: #dd3333\"><\/span><\/div><div class=\"sc_icons_item_description\"><span>cleber.barbosa@ippv.com.br<\/span><\/div><\/div><\/div><\/div><\/div><!-- \/.sc_icons -->[\/vc_column][\/vc_row][vc_row full_width=&#8221;stretch_row&#8221; css_animation=&#8221;fadeInUp&#8221; hide_bg_image_on_tablet=&#8221;&#8221; hide_bg_image_on_mobile=&#8221;&#8221; css=&#8221;.vc_custom_1687221487172{background-color: #ffffff !important;}&#8221;][vc_column css=&#8221;.vc_custom_1579720018983{background-color: #ffffff !important;}&#8221;][vc_custom_heading text=&#8221;Mande Sua Mensagem Por E-Mail Abaixo:&#8221; font_container=&#8221;tag:h3|text_align:left|color:%230a0a0a&#8221; google_fonts=&#8221;font_family:Oswald%3A300%2Cregular%2C700|font_style:400%20regular%3A400%3Anormal&#8221; css=&#8221;.vc_custom_1687041525799{margin-top: 16px !important;padding-top: 0px !important;}&#8221;]\n<div class=\"wpcf7 no-js\" id=\"wpcf7-f1640-o1\" lang=\"en-US\" dir=\"ltr\">\n<div class=\"screen-reader-response\"><p role=\"status\" aria-live=\"polite\" aria-atomic=\"true\"><\/p> <ul><\/ul><\/div>\n<form action=\"\/coach\/wp-json\/wp\/v2\/pages\/444#wpcf7-f1640-o1\" method=\"post\" class=\"wpcf7-form init\" aria-label=\"Contact form\" novalidate=\"novalidate\" data-status=\"init\">\n<div style=\"display: none;\">\n<input type=\"hidden\" name=\"_wpcf7\" value=\"1640\" \/>\n<input type=\"hidden\" name=\"_wpcf7_version\" value=\"5.7.7\" \/>\n<input type=\"hidden\" name=\"_wpcf7_locale\" value=\"en_US\" \/>\n<input type=\"hidden\" name=\"_wpcf7_unit_tag\" value=\"wpcf7-f1640-o1\" \/>\n<input type=\"hidden\" name=\"_wpcf7_container_post\" value=\"0\" \/>\n<input type=\"hidden\" name=\"_wpcf7_posted_data_hash\" value=\"\" \/>\n<\/div>\n<div class=\"extra_form\">\n\t<div class=\"columns_wrap\">\n\t\t<div class=\"column-1_3\">\n\t\t\t<p><span class=\"wpcf7-form-control-wrap\" data-name=\"nome\"><input size=\"40\" class=\"wpcf7-form-control wpcf7-text wpcf7-validates-as-required\" aria-required=\"true\" aria-invalid=\"false\" placeholder=\"Seu Nome\" value=\"\" type=\"text\" name=\"nome\" \/><\/span>\n\t\t\t<\/p>\n\t\t<\/div>\n\t\t<div class=\"column-1_3\">\n\t\t\t<p><span class=\"wpcf7-form-control-wrap\" data-name=\"email\"><input size=\"40\" class=\"wpcf7-form-control wpcf7-text wpcf7-email wpcf7-validates-as-required wpcf7-validates-as-email\" aria-required=\"true\" aria-invalid=\"false\" placeholder=\"Seu E-mail\" value=\"\" type=\"email\" name=\"email\" \/><\/span>\n\t\t\t<\/p>\n\t\t<\/div>\n\t\t<div class=\"column-1_3\">\n\t\t\t<p><span class=\"wpcf7-form-control-wrap\" data-name=\"assunto\"><input size=\"40\" class=\"wpcf7-form-control wpcf7-text\" aria-invalid=\"false\" placeholder=\"Assunto\" value=\"\" type=\"text\" name=\"assunto\" \/><\/span>\n\t\t\t<\/p>\n\t\t<\/div>\n\t<\/div>\n\t<div class=\"columns_wrap\">\n\t\t<div class=\"column-1_1\">\n\t\t\t<p><span class=\"wpcf7-form-control-wrap\" data-name=\"mensagem\"><textarea cols=\"40\" rows=\"10\" class=\"wpcf7-form-control wpcf7-textarea\" aria-invalid=\"false\" placeholder=\"Sua Mensagem\" name=\"mensagem\"><\/textarea><\/span>\n\t\t\t<\/p>\n\t\t<\/div>\n\t<\/div>\n\t<div class=\"columns_wrap\">\n\t\t<div class=\"column-1_1\">\n\t\t\t<p><span class=\"wpcf7-form-control-wrap\" data-name=\"acceptance-157\"><span class=\"wpcf7-form-control wpcf7-acceptance\"><span class=\"wpcf7-list-item\"><label><input type=\"checkbox\" name=\"acceptance-157\" value=\"1\" aria-invalid=\"false\" \/><span class=\"wpcf7-list-item-label\">Concordo que meus dados enviados est\u00e3o sendo coletados e armazenados.<\/span><\/label><\/span><\/span><\/span>\n\t\t\t<\/p>\n\t\t<\/div>\n\t<\/div>\n\t<div class=\"columns_wrap\">\n\t\t<div class=\"column-1_1 center\">\n\t\t\t<p><input class=\"wpcf7-form-control has-spinner wpcf7-submit\" type=\"submit\" value=\"Enviar\" \/>\n\t\t\t<\/p>\n\t\t<\/div>\n\t<\/div>\n<\/div><p style=\"display: none !important;\" class=\"akismet-fields-container\" data-prefix=\"_wpcf7_ak_\"><label>&#916;<textarea name=\"_wpcf7_ak_hp_textarea\" cols=\"45\" rows=\"8\" maxlength=\"100\"><\/textarea><\/label><input type=\"hidden\" id=\"ak_js_1\" name=\"_wpcf7_ak_js\" value=\"122\"\/><script>document.getElementById( \"ak_js_1\" ).setAttribute( \"value\", ( new Date() ).getTime() );<\/script><\/p><div class=\"wpcf7-response-output\" aria-hidden=\"true\"><\/div>\n<\/form>\n<\/div>\n[vc_empty_space alter_height=&#8221;none&#8221; hide_on_desktop=&#8221;&#8221; hide_on_notebook=&#8221;&#8221; hide_on_tablet=&#8221;&#8221; hide_on_mobile=&#8221;&#8221;][\/vc_column][\/vc_row]<\/p>\n","protected":false},"excerpt":{"rendered":"<p>[vc_row full_width=&#8221;stretch_row&#8221; parallax=&#8221;content-moving&#8221; parallax_image=&#8221;6159&#8243; css=&#8221;.vc_custom_1687105071934{background-image: url(https:\/\/ippv.com.br\/coach\/wp-content\/uploads\/2019\/07\/BLCCover1080-1024&#215;683.jpg?id=2626) !important;background-position: top left;}&#8221;][vc_column][vc_custom_heading text=&#8221;ENTRE EM CONTATO&#8221; font_container=&#8221;tag:h1|text_align:center|color:%23ffffff&#8221; google_fonts=&#8221;font_family:Oswald%3A300%2Cregular%2C700|font_style:400%20regular%3A400%3Anormal&#8221; css_animation=&#8221;fadeIn&#8221; css=&#8221;.vc_custom_1687221544708{padding-top: 128px !important;padding-bottom: 128px !important;}&#8221;][\/vc_column][\/vc_row][vc_row full_width=&#8221;stretch_row&#8221; css_animation=&#8221;flipInX&#8221; hide_bg_image_on_tablet=&#8221;&#8221; hide_bg_image_on_mobile=&#8221;&#8221; css=&#8221;.vc_custom_1687221461529{padding-top: 64px !important;padding-bottom: 32px !important;background-color: #ffffff&hellip;<\/p>\n","protected":false},"author":1,"featured_media":0,"parent":0,"menu_order":0,"comment_status":"closed","ping_status":"closed","template":"","meta":{"content-type":"","footnotes":""},"yoast_head":"<!-- This site is optimized with the Yoast SEO plugin v22.5 - https:\/\/yoast.com\/wordpress\/plugins\/seo\/ -->\n<title>Contato - Princ\u00edpios Para Viver - Uma Vida Abundante e Extraordin\u00e1ria!<\/title>\n<meta name=\"description\" content=\"Entre em contato com o Instituto Princ\u00edpios Para Viver. Viva uma vida abundante com resultados extraordin\u00e1rios!\" \/>\n<meta name=\"robots\" content=\"index, follow, max-snippet:-1, max-image-preview:large, max-video-preview:-1\" \/>\n<link rel=\"canonical\" href=\"https:\/\/ippv.com.br\/coach\/contato\/\" \/>\n<meta property=\"og:locale\" content=\"pt_BR\" \/>\n<meta property=\"og:type\" content=\"article\" \/>\n<meta property=\"og:title\" content=\"Contato - Princ\u00edpios Para Viver - Uma Vida Abundante e Extraordin\u00e1ria!\" \/>\n<meta property=\"og:description\" content=\"Entre em contato com o Instituto Princ\u00edpios Para Viver. Viva uma vida abundante com resultados extraordin\u00e1rios!\" \/>\n<meta property=\"og:url\" content=\"https:\/\/ippv.com.br\/coach\/contato\/\" \/>\n<meta property=\"og:site_name\" content=\"Instituto Princ\u00edpios Para Viver\" \/>\n<meta property=\"article:publisher\" content=\"https:\/\/www.facebook.com\/principiosparaviver.coach\/\" \/>\n<meta property=\"article:modified_time\" content=\"2023-06-20T00:39:04+00:00\" \/>\n<meta name=\"twitter:card\" content=\"summary_large_image\" \/>\n<meta name=\"twitter:label1\" content=\"Est. tempo de leitura\" \/>\n\t<meta name=\"twitter:data1\" content=\"1 minuto\" \/>\n<script type=\"application\/ld+json\" class=\"yoast-schema-graph\">{\"@context\":\"https:\/\/schema.org\",\"@graph\":[{\"@type\":\"WebPage\",\"@id\":\"https:\/\/ippv.com.br\/coach\/contato\/\",\"url\":\"https:\/\/ippv.com.br\/coach\/contato\/\",\"name\":\"Contato - Princ\u00edpios Para Viver - Uma Vida Abundante e Extraordin\u00e1ria!\",\"isPartOf\":{\"@id\":\"https:\/\/ippv.com.br\/coach\/#website\"},\"datePublished\":\"2017-02-07T13:33:01+00:00\",\"dateModified\":\"2023-06-20T00:39:04+00:00\",\"description\":\"Entre em contato com o Instituto Princ\u00edpios Para Viver. Viva uma vida abundante com resultados extraordin\u00e1rios!\",\"breadcrumb\":{\"@id\":\"https:\/\/ippv.com.br\/coach\/contato\/#breadcrumb\"},\"inLanguage\":\"pt-BR\",\"potentialAction\":[{\"@type\":\"ReadAction\",\"target\":[\"https:\/\/ippv.com.br\/coach\/contato\/\"]}]},{\"@type\":\"BreadcrumbList\",\"@id\":\"https:\/\/ippv.com.br\/coach\/contato\/#breadcrumb\",\"itemListElement\":[{\"@type\":\"ListItem\",\"position\":1,\"name\":\"In\u00edcio\",\"item\":\"https:\/\/ippv.com.br\/coach\/\"},{\"@type\":\"ListItem\",\"position\":2,\"name\":\"Entre em Contato\"}]},{\"@type\":\"WebSite\",\"@id\":\"https:\/\/ippv.com.br\/coach\/#website\",\"url\":\"https:\/\/ippv.com.br\/coach\/\",\"name\":\"Instituto Princ\u00edpios Para Viver\",\"description\":\"Uma Vida Abundante com Resultados Extraordin\u00e1rios\",\"potentialAction\":[{\"@type\":\"SearchAction\",\"target\":{\"@type\":\"EntryPoint\",\"urlTemplate\":\"https:\/\/ippv.com.br\/coach\/?s={search_term_string}\"},\"query-input\":\"required name=search_term_string\"}],\"inLanguage\":\"pt-BR\"}]}<\/script>\n<!-- \/ Yoast SEO plugin. -->","yoast_head_json":{"title":"Contato - Princ\u00edpios Para Viver - Uma Vida Abundante e Extraordin\u00e1ria!","description":"Entre em contato com o Instituto Princ\u00edpios Para Viver. Viva uma vida abundante com resultados extraordin\u00e1rios!","robots":{"index":"index","follow":"follow","max-snippet":"max-snippet:-1","max-image-preview":"max-image-preview:large","max-video-preview":"max-video-preview:-1"},"canonical":"https:\/\/ippv.com.br\/coach\/contato\/","og_locale":"pt_BR","og_type":"article","og_title":"Contato - Princ\u00edpios Para Viver - Uma Vida Abundante e Extraordin\u00e1ria!","og_description":"Entre em contato com o Instituto Princ\u00edpios Para Viver. Viva uma vida abundante com resultados extraordin\u00e1rios!","og_url":"https:\/\/ippv.com.br\/coach\/contato\/","og_site_name":"Instituto Princ\u00edpios Para Viver","article_publisher":"https:\/\/www.facebook.com\/principiosparaviver.coach\/","article_modified_time":"2023-06-20T00:39:04+00:00","twitter_card":"summary_large_image","twitter_misc":{"Est. tempo de leitura":"1 minuto"},"schema":{"@context":"https:\/\/schema.org","@graph":[{"@type":"WebPage","@id":"https:\/\/ippv.com.br\/coach\/contato\/","url":"https:\/\/ippv.com.br\/coach\/contato\/","name":"Contato - Princ\u00edpios Para Viver - Uma Vida Abundante e Extraordin\u00e1ria!","isPartOf":{"@id":"https:\/\/ippv.com.br\/coach\/#website"},"datePublished":"2017-02-07T13:33:01+00:00","dateModified":"2023-06-20T00:39:04+00:00","description":"Entre em contato com o Instituto Princ\u00edpios Para Viver. Viva uma vida abundante com resultados extraordin\u00e1rios!","breadcrumb":{"@id":"https:\/\/ippv.com.br\/coach\/contato\/#breadcrumb"},"inLanguage":"pt-BR","potentialAction":[{"@type":"ReadAction","target":["https:\/\/ippv.com.br\/coach\/contato\/"]}]},{"@type":"BreadcrumbList","@id":"https:\/\/ippv.com.br\/coach\/contato\/#breadcrumb","itemListElement":[{"@type":"ListItem","position":1,"name":"In\u00edcio","item":"https:\/\/ippv.com.br\/coach\/"},{"@type":"ListItem","position":2,"name":"Entre em Contato"}]},{"@type":"WebSite","@id":"https:\/\/ippv.com.br\/coach\/#website","url":"https:\/\/ippv.com.br\/coach\/","name":"Instituto Princ\u00edpios Para Viver","description":"Uma Vida Abundante com Resultados Extraordin\u00e1rios","potentialAction":[{"@type":"SearchAction","target":{"@type":"EntryPoint","urlTemplate":"https:\/\/ippv.com.br\/coach\/?s={search_term_string}"},"query-input":"required name=search_term_string"}],"inLanguage":"pt-BR"}]}},"_links":{"self":[{"href":"https:\/\/ippv.com.br\/coach\/wp-json\/wp\/v2\/pages\/444"}],"collection":[{"href":"https:\/\/ippv.com.br\/coach\/wp-json\/wp\/v2\/pages"}],"about":[{"href":"https:\/\/ippv.com.br\/coach\/wp-json\/wp\/v2\/types\/page"}],"author":[{"embeddable":true,"href":"https:\/\/ippv.com.br\/coach\/wp-json\/wp\/v2\/users\/1"}],"replies":[{"embeddable":true,"href":"https:\/\/ippv.com.br\/coach\/wp-json\/wp\/v2\/comments?post=444"}],"version-history":[{"count":28,"href":"https:\/\/ippv.com.br\/coach\/wp-json\/wp\/v2\/pages\/444\/revisions"}],"predecessor-version":[{"id":6211,"href":"https:\/\/ippv.com.br\/coach\/wp-json\/wp\/v2\/pages\/444\/revisions\/6211"}],"wp:attachment":[{"href":"https:\/\/ippv.com.br\/coach\/wp-json\/wp\/v2\/media?parent=444"}],"curies":[{"name":"wp","href":"https:\/\/api.w.org\/{rel}","templated":true}]}}